{"id":3632,"date":"2024-10-30T20:13:21","date_gmt":"2024-10-30T20:13:21","guid":{"rendered":"https:\/\/patologika.com\/novosite\/?page_id=3632"},"modified":"2024-11-12T01:19:24","modified_gmt":"2024-11-12T01:19:24","slug":"programa-de-integridade","status":"publish","type":"page","link":"https:\/\/patologika.com\/novosite\/programa-de-integridade\/","title":{"rendered":"Programa de integridade"},"content":{"rendered":"\t\t<div data-elementor-type=\"wp-page\" data-elementor-id=\"3632\" class=\"elementor elementor-3632\">\n\t\t\t\t\t\t\t\t\t<section class=\"elementor-section elementor-top-section elementor-element elementor-element-054bb52 elementor-section-boxed elementor-section-height-default elementor-section-height-default exad-glass-effect-no exad-sticky-section-no\" data-id=\"054bb52\" data-element_type=\"section\" data-settings=\"{&quot;background_background&quot;:&quot;classic&quot;}\">\n\t\t\t\t\t\t<div class=\"elementor-container elementor-column-gap-default\">\n\t\t\t\t\t<div class=\"elementor-column elementor-col-100 elementor-top-column elementor-element elementor-element-38f1bd5 exad-glass-effect-no exad-sticky-section-no\" data-id=\"38f1bd5\" data-element_type=\"column\">\n\t\t\t<div class=\"elementor-widget-wrap elementor-element-populated\">\n\t\t\t\t\t\t\t\t<div class=\"elementor-element elementor-element-e5f7c1b exad-sticky-section-no exad-glass-effect-no elementor-widget elementor-widget-heading\" data-id=\"e5f7c1b\" data-element_type=\"widget\" data-widget_type=\"heading.default\">\n\t\t\t\t<div class=\"elementor-widget-container\">\n\t\t\t<style>\/*! elementor - v3.6.7 - 03-07-2022 *\/\n.elementor-heading-title{padding:0;margin:0;line-height:1}.elementor-widget-heading .elementor-heading-title[class*=elementor-size-]>a{color:inherit;font-size:inherit;line-height:inherit}.elementor-widget-heading .elementor-heading-title.elementor-size-small{font-size:15px}.elementor-widget-heading .elementor-heading-title.elementor-size-medium{font-size:19px}.elementor-widget-heading .elementor-heading-title.elementor-size-large{font-size:29px}.elementor-widget-heading .elementor-heading-title.elementor-size-xl{font-size:39px}.elementor-widget-heading .elementor-heading-title.elementor-size-xxl{font-size:59px}<\/style><h2 class=\"elementor-heading-title elementor-size-default\">Programa de integridade<\/h2>\t\t<\/div>\n\t\t\t\t<\/div>\n\t\t\t\t\t<\/div>\n\t\t<\/div>\n\t\t\t\t\t\t\t<\/div>\n\t\t<\/section>\n\t\t\t\t<section class=\"elementor-section elementor-top-section elementor-element elementor-element-0081976 elementor-section-boxed elementor-section-height-default elementor-section-height-default exad-glass-effect-no exad-sticky-section-no\" data-id=\"0081976\" data-element_type=\"section\">\n\t\t\t\t\t\t<div class=\"elementor-container elementor-column-gap-default\">\n\t\t\t\t\t<div class=\"elementor-column elementor-col-100 elementor-top-column elementor-element elementor-element-3439f54 exad-glass-effect-no exad-sticky-section-no\" data-id=\"3439f54\" data-element_type=\"column\">\n\t\t\t<div class=\"elementor-widget-wrap elementor-element-populated\">\n\t\t\t\t\t\t\t\t<div class=\"elementor-element elementor-element-32a28a0 exad-sticky-section-no exad-glass-effect-no elementor-widget elementor-widget-text-editor\" data-id=\"32a28a0\" data-element_type=\"widget\" data-widget_type=\"text-editor.default\">\n\t\t\t\t<div class=\"elementor-widget-container\">\n\t\t\t<style>\/*! elementor - v3.6.7 - 03-07-2022 *\/\n.elementor-widget-text-editor.elementor-drop-cap-view-stacked .elementor-drop-cap{background-color:#818a91;color:#fff}.elementor-widget-text-editor.elementor-drop-cap-view-framed .elementor-drop-cap{color:#818a91;border:3px solid;background-color:transparent}.elementor-widget-text-editor:not(.elementor-drop-cap-view-default) .elementor-drop-cap{margin-top:8px}.elementor-widget-text-editor:not(.elementor-drop-cap-view-default) .elementor-drop-cap-letter{width:1em;height:1em}.elementor-widget-text-editor .elementor-drop-cap{float:left;text-align:center;line-height:1;font-size:50px}.elementor-widget-text-editor .elementor-drop-cap-letter{display:inline-block}<\/style>\t\t\t\t<p style=\"language: pt-BR; margin-top: 0pt; margin-bottom: 0pt; margin-left: 0in; text-align: justify; text-justify: inter-ideograph; direction: ltr; unicode-bidi: embed; mso-line-break-override: none; word-break: normal; punctuation-wrap: hanging;\"><span style=\"font-size: 12pt; font-family: Roboto; color: #2e2e2e;\">O Laborat\u00f3rio Patologika, comprometido com os princ\u00edpios \u00e9ticos e legais, disponibiliza, por meio deste comunicado, seu c\u00f3digo de conduta e \u00e9tica, al\u00e9m dos programas internos de integridade, conforme estabelecido pela Lei 12.846\/2013, que regulamenta e disciplina as atividades anticorrup\u00e7\u00e3o das empresas.<\/span><\/p>\t\t\t\t\t\t<\/div>\n\t\t\t\t<\/div>\n\t\t\t\t\t<\/div>\n\t\t<\/div>\n\t\t\t\t\t\t\t<\/div>\n\t\t<\/section>\n\t\t\t\t<section class=\"elementor-section elementor-top-section elementor-element elementor-element-4ff8f2a elementor-section-boxed elementor-section-height-default elementor-section-height-default exad-glass-effect-no exad-sticky-section-no\" data-id=\"4ff8f2a\" data-element_type=\"section\">\n\t\t\t\t\t\t<div class=\"elementor-container elementor-column-gap-default\">\n\t\t\t\t\t<div class=\"elementor-column elementor-col-100 elementor-top-column elementor-element elementor-element-805d1a1 exad-glass-effect-no exad-sticky-section-no\" data-id=\"805d1a1\" data-element_type=\"column\">\n\t\t\t<div class=\"elementor-widget-wrap elementor-element-populated\">\n\t\t\t\t\t\t\t\t<section class=\"elementor-section elementor-inner-section elementor-element elementor-element-db57437 elementor-section-content-middle elementor-section-boxed elementor-section-height-default elementor-section-height-default exad-glass-effect-no exad-sticky-section-no\" data-id=\"db57437\" data-element_type=\"section\">\n\t\t\t\t\t\t<div class=\"elementor-container elementor-column-gap-default\">\n\t\t\t\t\t<div class=\"elementor-column elementor-col-50 elementor-inner-column elementor-element elementor-element-d3edf0e exad-glass-effect-no exad-sticky-section-no\" data-id=\"d3edf0e\" data-element_type=\"column\">\n\t\t\t<div class=\"elementor-widget-wrap elementor-element-populated\">\n\t\t\t\t\t\t\t\t<div class=\"elementor-element elementor-element-242132a exad-sticky-section-no exad-glass-effect-no elementor-widget elementor-widget-exad-exclusive-button\" data-id=\"242132a\" data-element_type=\"widget\" data-widget_type=\"exad-exclusive-button.default\">\n\t\t\t\t<div class=\"elementor-widget-container\">\n\t\t\t\n\t\t<div class=\"exad-button-wrapper effect-2 exad-button-incon-before-text exad-button-fixed-height-no\">\n\n\t\t\t\n\t\t\t<a class=\"exad-button-action\" href=\"https:\/\/patologika.com\/novosite\/wp-content\/uploads\/2024\/10\/codigo-de-conduta.pdf\" target=\"_blank\">\n\t\t\t\t\n\t\t\t\t<span >\n\t\t\t\t\tBaixar\t\t\t\t<\/span>\n\n\t\t\t\t\t\t\t<\/a>\n\n\t\t\t\t\t<\/div>\n\t\t\t\t<\/div>\n\t\t\t\t<\/div>\n\t\t\t\t\t<\/div>\n\t\t<\/div>\n\t\t\t\t<div class=\"elementor-column elementor-col-50 elementor-inner-column elementor-element elementor-element-c83b6b8 exad-glass-effect-no exad-sticky-section-no\" data-id=\"c83b6b8\" data-element_type=\"column\">\n\t\t\t<div class=\"elementor-widget-wrap elementor-element-populated\">\n\t\t\t\t\t\t\t\t<div class=\"elementor-element elementor-element-1e5f390 exad-sticky-section-no exad-glass-effect-no elementor-widget elementor-widget-heading\" data-id=\"1e5f390\" data-element_type=\"widget\" data-widget_type=\"heading.default\">\n\t\t\t\t<div class=\"elementor-widget-container\">\n\t\t\t<h2 class=\"elementor-heading-title elementor-size-default\">C\u00f3digo de conduta<\/h2>\t\t<\/div>\n\t\t\t\t<\/div>\n\t\t\t\t\t<\/div>\n\t\t<\/div>\n\t\t\t\t\t\t\t<\/div>\n\t\t<\/section>\n\t\t\t\t<section class=\"elementor-section elementor-inner-section elementor-element elementor-element-fb9dfb0 elementor-section-content-middle elementor-section-boxed elementor-section-height-default elementor-section-height-default exad-glass-effect-no exad-sticky-section-no\" data-id=\"fb9dfb0\" data-element_type=\"section\">\n\t\t\t\t\t\t<div class=\"elementor-container elementor-column-gap-default\">\n\t\t\t\t\t<div class=\"elementor-column elementor-col-50 elementor-inner-column elementor-element elementor-element-c2d83ac exad-glass-effect-no exad-sticky-section-no\" data-id=\"c2d83ac\" data-element_type=\"column\">\n\t\t\t<div class=\"elementor-widget-wrap elementor-element-populated\">\n\t\t\t\t\t\t\t\t<div class=\"elementor-element elementor-element-94ac515 exad-sticky-section-no exad-glass-effect-no elementor-widget elementor-widget-exad-exclusive-button\" data-id=\"94ac515\" data-element_type=\"widget\" data-widget_type=\"exad-exclusive-button.default\">\n\t\t\t\t<div class=\"elementor-widget-container\">\n\t\t\t\n\t\t<div class=\"exad-button-wrapper effect-2 exad-button-incon-before-text exad-button-fixed-height-no\">\n\n\t\t\t\n\t\t\t<a class=\"exad-button-action\" href=\"https:\/\/patologika.com\/novosite\/wp-content\/uploads\/2024\/11\/Politica-de-compliance.pdf\" target=\"_blank\">\n\t\t\t\t\n\t\t\t\t<span >\n\t\t\t\t\tBaixar\t\t\t\t<\/span>\n\n\t\t\t\t\t\t\t<\/a>\n\n\t\t\t\t\t<\/div>\n\t\t\t\t<\/div>\n\t\t\t\t<\/div>\n\t\t\t\t\t<\/div>\n\t\t<\/div>\n\t\t\t\t<div class=\"elementor-column elementor-col-50 elementor-inner-column elementor-element elementor-element-a1561be exad-glass-effect-no exad-sticky-section-no\" data-id=\"a1561be\" data-element_type=\"column\">\n\t\t\t<div class=\"elementor-widget-wrap elementor-element-populated\">\n\t\t\t\t\t\t\t\t<div class=\"elementor-element elementor-element-12ce5c4 exad-sticky-section-no exad-glass-effect-no elementor-widget elementor-widget-heading\" data-id=\"12ce5c4\" data-element_type=\"widget\" data-widget_type=\"heading.default\">\n\t\t\t\t<div class=\"elementor-widget-container\">\n\t\t\t<h2 class=\"elementor-heading-title elementor-size-default\">Pol\u00edtica de compliance<\/h2>\t\t<\/div>\n\t\t\t\t<\/div>\n\t\t\t\t\t<\/div>\n\t\t<\/div>\n\t\t\t\t\t\t\t<\/div>\n\t\t<\/section>\n\t\t\t\t<section class=\"elementor-section elementor-inner-section elementor-element elementor-element-7d0572a elementor-section-content-middle elementor-section-boxed elementor-section-height-default elementor-section-height-default exad-glass-effect-no exad-sticky-section-no\" data-id=\"7d0572a\" data-element_type=\"section\">\n\t\t\t\t\t\t<div class=\"elementor-container elementor-column-gap-default\">\n\t\t\t\t\t<div class=\"elementor-column elementor-col-50 elementor-inner-column elementor-element elementor-element-b7abd7f exad-glass-effect-no exad-sticky-section-no\" data-id=\"b7abd7f\" data-element_type=\"column\">\n\t\t\t<div class=\"elementor-widget-wrap elementor-element-populated\">\n\t\t\t\t\t\t\t\t<div class=\"elementor-element elementor-element-2d78efc exad-sticky-section-no exad-glass-effect-no elementor-widget elementor-widget-exad-exclusive-button\" data-id=\"2d78efc\" data-element_type=\"widget\" data-widget_type=\"exad-exclusive-button.default\">\n\t\t\t\t<div class=\"elementor-widget-container\">\n\t\t\t\n\t\t<div class=\"exad-button-wrapper effect-2 exad-button-incon-before-text exad-button-fixed-height-no\">\n\n\t\t\t\n\t\t\t<a class=\"exad-button-action\" href=\"https:\/\/patologika.com\/novosite\/wp-content\/uploads\/2024\/10\/Organograma.jpeg\" target=\"_blank\">\n\t\t\t\t\n\t\t\t\t<span >\n\t\t\t\t\tBaixar\t\t\t\t<\/span>\n\n\t\t\t\t\t\t\t<\/a>\n\n\t\t\t\t\t<\/div>\n\t\t\t\t<\/div>\n\t\t\t\t<\/div>\n\t\t\t\t\t<\/div>\n\t\t<\/div>\n\t\t\t\t<div class=\"elementor-column elementor-col-50 elementor-inner-column elementor-element elementor-element-9003d41 exad-glass-effect-no exad-sticky-section-no\" data-id=\"9003d41\" data-element_type=\"column\">\n\t\t\t<div class=\"elementor-widget-wrap elementor-element-populated\">\n\t\t\t\t\t\t\t\t<div class=\"elementor-element elementor-element-7a26c18 exad-sticky-section-no exad-glass-effect-no elementor-widget elementor-widget-heading\" data-id=\"7a26c18\" data-element_type=\"widget\" data-widget_type=\"heading.default\">\n\t\t\t\t<div class=\"elementor-widget-container\">\n\t\t\t<h2 class=\"elementor-heading-title elementor-size-default\">Organograma<\/h2>\t\t<\/div>\n\t\t\t\t<\/div>\n\t\t\t\t\t<\/div>\n\t\t<\/div>\n\t\t\t\t\t\t\t<\/div>\n\t\t<\/section>\n\t\t\t\t<section class=\"elementor-section elementor-inner-section elementor-element elementor-element-e3e8d7d elementor-section-content-middle elementor-section-boxed elementor-section-height-default elementor-section-height-default exad-glass-effect-no exad-sticky-section-no\" data-id=\"e3e8d7d\" data-element_type=\"section\">\n\t\t\t\t\t\t<div class=\"elementor-container elementor-column-gap-default\">\n\t\t\t\t\t<div class=\"elementor-column elementor-col-50 elementor-inner-column elementor-element elementor-element-9677726 exad-glass-effect-no exad-sticky-section-no\" data-id=\"9677726\" data-element_type=\"column\">\n\t\t\t<div class=\"elementor-widget-wrap elementor-element-populated\">\n\t\t\t\t\t\t\t\t<div class=\"elementor-element elementor-element-bb47439 exad-sticky-section-no exad-glass-effect-no elementor-widget elementor-widget-exad-exclusive-button\" data-id=\"bb47439\" data-element_type=\"widget\" data-widget_type=\"exad-exclusive-button.default\">\n\t\t\t\t<div class=\"elementor-widget-container\">\n\t\t\t\n\t\t<div class=\"exad-button-wrapper effect-2 exad-button-incon-before-text exad-button-fixed-height-no\">\n\n\t\t\t\n\t\t\t<a class=\"exad-button-action\" href=\"https:\/\/patologika.com\/novosite\/wp-content\/uploads\/2024\/11\/Regimento-do-comite-de-integridade-e-compliance.pdf\" target=\"_blank\">\n\t\t\t\t\n\t\t\t\t<span >\n\t\t\t\t\tBaixar\t\t\t\t<\/span>\n\n\t\t\t\t\t\t\t<\/a>\n\n\t\t\t\t\t<\/div>\n\t\t\t\t<\/div>\n\t\t\t\t<\/div>\n\t\t\t\t\t<\/div>\n\t\t<\/div>\n\t\t\t\t<div class=\"elementor-column elementor-col-50 elementor-inner-column elementor-element elementor-element-ccfa71c exad-glass-effect-no exad-sticky-section-no\" data-id=\"ccfa71c\" data-element_type=\"column\">\n\t\t\t<div class=\"elementor-widget-wrap elementor-element-populated\">\n\t\t\t\t\t\t\t\t<div class=\"elementor-element elementor-element-e002612 exad-sticky-section-no exad-glass-effect-no elementor-widget elementor-widget-heading\" data-id=\"e002612\" data-element_type=\"widget\" data-widget_type=\"heading.default\">\n\t\t\t\t<div class=\"elementor-widget-container\">\n\t\t\t<h2 class=\"elementor-heading-title elementor-size-default\">Regimento do comit\u00ea de Integridade e Compliance<\/h2>\t\t<\/div>\n\t\t\t\t<\/div>\n\t\t\t\t\t<\/div>\n\t\t<\/div>\n\t\t\t\t\t\t\t<\/div>\n\t\t<\/section>\n\t\t\t\t<section class=\"elementor-section elementor-inner-section elementor-element elementor-element-e36aff9 elementor-section-content-middle elementor-section-boxed elementor-section-height-default elementor-section-height-default exad-glass-effect-no exad-sticky-section-no\" data-id=\"e36aff9\" data-element_type=\"section\">\n\t\t\t\t\t\t<div class=\"elementor-container elementor-column-gap-default\">\n\t\t\t\t\t<div class=\"elementor-column elementor-col-50 elementor-inner-column elementor-element elementor-element-10c21d4 exad-glass-effect-no exad-sticky-section-no\" data-id=\"10c21d4\" data-element_type=\"column\">\n\t\t\t<div class=\"elementor-widget-wrap elementor-element-populated\">\n\t\t\t\t\t\t\t\t<div class=\"elementor-element elementor-element-a37ed6a exad-sticky-section-no exad-glass-effect-no elementor-widget elementor-widget-exad-exclusive-button\" data-id=\"a37ed6a\" data-element_type=\"widget\" data-widget_type=\"exad-exclusive-button.default\">\n\t\t\t\t<div class=\"elementor-widget-container\">\n\t\t\t\n\t\t<div class=\"exad-button-wrapper effect-2 exad-button-incon-before-text exad-button-fixed-height-no\">\n\n\t\t\t\n\t\t\t<a class=\"exad-button-action\" href=\"https:\/\/patologika.com\/novosite\/wp-content\/uploads\/2024\/11\/Politica-de-gestao-de-riscos.pdf\" target=\"_blank\">\n\t\t\t\t\n\t\t\t\t<span >\n\t\t\t\t\tBaixar\t\t\t\t<\/span>\n\n\t\t\t\t\t\t\t<\/a>\n\n\t\t\t\t\t<\/div>\n\t\t\t\t<\/div>\n\t\t\t\t<\/div>\n\t\t\t\t\t<\/div>\n\t\t<\/div>\n\t\t\t\t<div class=\"elementor-column elementor-col-50 elementor-inner-column elementor-element elementor-element-6e1ce5b exad-glass-effect-no exad-sticky-section-no\" data-id=\"6e1ce5b\" data-element_type=\"column\">\n\t\t\t<div class=\"elementor-widget-wrap elementor-element-populated\">\n\t\t\t\t\t\t\t\t<div class=\"elementor-element elementor-element-474adf1 exad-sticky-section-no exad-glass-effect-no elementor-widget elementor-widget-heading\" data-id=\"474adf1\" data-element_type=\"widget\" data-widget_type=\"heading.default\">\n\t\t\t\t<div class=\"elementor-widget-container\">\n\t\t\t<h2 class=\"elementor-heading-title elementor-size-default\">Pol\u00edtica de Gest\u00e3o de riscos<\/h2>\t\t<\/div>\n\t\t\t\t<\/div>\n\t\t\t\t\t<\/div>\n\t\t<\/div>\n\t\t\t\t\t\t\t<\/div>\n\t\t<\/section>\n\t\t\t\t<section class=\"elementor-section elementor-inner-section elementor-element elementor-element-b76a4ea elementor-section-content-middle elementor-section-boxed elementor-section-height-default elementor-section-height-default exad-glass-effect-no exad-sticky-section-no\" data-id=\"b76a4ea\" data-element_type=\"section\">\n\t\t\t\t\t\t<div class=\"elementor-container elementor-column-gap-default\">\n\t\t\t\t\t<div class=\"elementor-column elementor-col-50 elementor-inner-column elementor-element elementor-element-f0d2fdb exad-glass-effect-no exad-sticky-section-no\" data-id=\"f0d2fdb\" data-element_type=\"column\">\n\t\t\t<div class=\"elementor-widget-wrap elementor-element-populated\">\n\t\t\t\t\t\t\t\t<div class=\"elementor-element elementor-element-1acc28b exad-sticky-section-no exad-glass-effect-no elementor-widget elementor-widget-exad-exclusive-button\" data-id=\"1acc28b\" data-element_type=\"widget\" data-widget_type=\"exad-exclusive-button.default\">\n\t\t\t\t<div class=\"elementor-widget-container\">\n\t\t\t\n\t\t<div class=\"exad-button-wrapper effect-2 exad-button-incon-before-text exad-button-fixed-height-no\">\n\n\t\t\t\n\t\t\t<a class=\"exad-button-action\" href=\"https:\/\/patologika.com\/novosite\/contato\/\">\n\t\t\t\t\n\t\t\t\t<span >\n\t\t\t\t\tAcessar\t\t\t\t<\/span>\n\n\t\t\t\t\t\t\t<\/a>\n\n\t\t\t\t\t<\/div>\n\t\t\t\t<\/div>\n\t\t\t\t<\/div>\n\t\t\t\t\t<\/div>\n\t\t<\/div>\n\t\t\t\t<div class=\"elementor-column elementor-col-50 elementor-inner-column elementor-element elementor-element-fbffa22 exad-glass-effect-no exad-sticky-section-no\" data-id=\"fbffa22\" data-element_type=\"column\">\n\t\t\t<div class=\"elementor-widget-wrap elementor-element-populated\">\n\t\t\t\t\t\t\t\t<div class=\"elementor-element elementor-element-29bcfb9 exad-sticky-section-no exad-glass-effect-no elementor-widget elementor-widget-heading\" data-id=\"29bcfb9\" data-element_type=\"widget\" data-widget_type=\"heading.default\">\n\t\t\t\t<div class=\"elementor-widget-container\">\n\t\t\t<h2 class=\"elementor-heading-title elementor-size-default\">Canal de den\u00fancias<\/h2>\t\t<\/div>\n\t\t\t\t<\/div>\n\t\t\t\t\t<\/div>\n\t\t<\/div>\n\t\t\t\t\t\t\t<\/div>\n\t\t<\/section>\n\t\t\t\t\t<\/div>\n\t\t<\/div>\n\t\t\t\t\t\t\t<\/div>\n\t\t<\/section>\n\t\t\t\t\t\t\t<\/div>\n\t\t","protected":false},"excerpt":{"rendered":"<p>Programa de integridade O Laborat\u00f3rio Patologika, comprometido com os princ\u00edpios \u00e9ticos e legais, disponibiliza, por meio deste comunicado, seu c\u00f3digo de conduta e \u00e9tica, al\u00e9m dos programas internos de integridade, conforme estabelecido pela Lei 12.846\/2013, que regulamenta e disciplina as atividades anticorrup\u00e7\u00e3o das empresas. Baixar C\u00f3digo de conduta Baixar Pol\u00edtica de compliance Baixar Organograma Baixar [&hellip;]<\/p>\n","protected":false},"author":1,"featured_media":0,"parent":0,"menu_order":0,"comment_status":"closed","ping_status":"closed","template":"elementor_header_footer","meta":[],"_links":{"self":[{"href":"https:\/\/patologika.com\/novosite\/wp-json\/wp\/v2\/pages\/3632"}],"collection":[{"href":"https:\/\/patologika.com\/novosite\/wp-json\/wp\/v2\/pages"}],"about":[{"href":"https:\/\/patologika.com\/novosite\/wp-json\/wp\/v2\/types\/page"}],"author":[{"embeddable":true,"href":"https:\/\/patologika.com\/novosite\/wp-json\/wp\/v2\/users\/1"}],"replies":[{"embeddable":true,"href":"https:\/\/patologika.com\/novosite\/wp-json\/wp\/v2\/comments?post=3632"}],"version-history":[{"count":25,"href":"https:\/\/patologika.com\/novosite\/wp-json\/wp\/v2\/pages\/3632\/revisions"}],"predecessor-version":[{"id":3678,"href":"https:\/\/patologika.com\/novosite\/wp-json\/wp\/v2\/pages\/3632\/revisions\/3678"}],"wp:attachment":[{"href":"https:\/\/patologika.com\/novosite\/wp-json\/wp\/v2\/media?parent=3632"}],"curies":[{"name":"wp","href":"https:\/\/api.w.org\/{rel}","templated":true}]}}