{"id":1415,"date":"2022-12-24T13:48:53","date_gmt":"2022-12-24T13:48:53","guid":{"rendered":"https:\/\/patologika.com\/novosite\/?page_id=1415"},"modified":"2025-08-24T13:43:10","modified_gmt":"2025-08-24T13:43:10","slug":"politica-de-privacidade","status":"publish","type":"page","link":"https:\/\/patologika.com\/novosite\/politica-de-privacidade\/","title":{"rendered":"Politica de Privacidade"},"content":{"rendered":"\t\t<div data-elementor-type=\"wp-page\" data-elementor-id=\"1415\" class=\"elementor elementor-1415\">\n\t\t\t\t\t\t\t\t\t<section class=\"elementor-section elementor-top-section elementor-element elementor-element-cc6e661 elementor-section-full_width elementor-section-height-default elementor-section-height-default exad-glass-effect-no exad-sticky-section-no\" data-id=\"cc6e661\" data-element_type=\"section\" data-settings=\"{&quot;background_background&quot;:&quot;classic&quot;}\">\n\t\t\t\t\t\t\t<div class=\"elementor-background-overlay\"><\/div>\n\t\t\t\t\t\t\t<div class=\"elementor-container elementor-column-gap-no\">\n\t\t\t\t\t<div class=\"elementor-column elementor-col-100 elementor-top-column elementor-element elementor-element-91c97d3 exad-glass-effect-no exad-sticky-section-no\" data-id=\"91c97d3\" data-element_type=\"column\">\n\t\t\t<div class=\"elementor-widget-wrap elementor-element-populated\">\n\t\t\t\t\t\t\t\t<div class=\"elementor-element elementor-element-f35eaf5 elementor--h-position-left animated-slow elementor--v-position-middle elementor-arrows-position-inside exad-sticky-section-no exad-glass-effect-no elementor-widget elementor-widget-slides\" data-id=\"f35eaf5\" data-element_type=\"widget\" data-settings=\"{&quot;navigation&quot;:&quot;arrows&quot;,&quot;transition&quot;:&quot;fade&quot;,&quot;_animation&quot;:&quot;none&quot;,&quot;autoplay&quot;:&quot;yes&quot;,&quot;pause_on_hover&quot;:&quot;yes&quot;,&quot;pause_on_interaction&quot;:&quot;yes&quot;,&quot;autoplay_speed&quot;:5000,&quot;infinite&quot;:&quot;yes&quot;,&quot;transition_speed&quot;:500}\" data-widget_type=\"slides.default\">\n\t\t\t\t<div class=\"elementor-widget-container\">\n\t\t\t<style>\/*! elementor-pro - v3.6.5 - 12-04-2022 *\/\n.elementor-slides .swiper-slide-bg{background-size:cover;background-position:50%;background-repeat:no-repeat;min-width:100%;min-height:100%}.elementor-slides .swiper-slide-inner{background-repeat:no-repeat;background-position:50%;position:absolute;top:0;left:0;bottom:0;right:0;padding:50px;margin:auto}.elementor-slides .swiper-slide-inner,.elementor-slides .swiper-slide-inner:hover{color:#fff;display:-webkit-box;display:-ms-flexbox;display:flex}.elementor-slides .swiper-slide-inner .elementor-background-overlay{position:absolute;z-index:0;top:0;bottom:0;left:0;right:0}.elementor-slides .swiper-slide-inner .elementor-slide-content{position:relative;z-index:1;width:100%}.elementor-slides .swiper-slide-inner .elementor-slide-heading{font-size:35px;font-weight:700;line-height:1}.elementor-slides .swiper-slide-inner .elementor-slide-description{font-size:17px;line-height:1.4}.elementor-slides .swiper-slide-inner .elementor-slide-description:not(:last-child),.elementor-slides .swiper-slide-inner .elementor-slide-heading:not(:last-child){margin-bottom:30px}.elementor-slides .swiper-slide-inner .elementor-slide-button{border:2px solid #fff;color:#fff;background:transparent;display:inline-block}.elementor-slides .swiper-slide-inner .elementor-slide-button,.elementor-slides .swiper-slide-inner .elementor-slide-button:hover{background:transparent;color:inherit;text-decoration:none}.elementor--v-position-top .swiper-slide-inner{-webkit-box-align:start;-ms-flex-align:start;align-items:flex-start}.elementor--v-position-bottom .swiper-slide-inner{-webkit-box-align:end;-ms-flex-align:end;align-items:flex-end}.elementor--v-position-middle .swiper-slide-inner{-webkit-box-align:center;-ms-flex-align:center;align-items:center}.elementor--h-position-left .swiper-slide-inner{-webkit-box-pack:start;-ms-flex-pack:start;justify-content:flex-start}.elementor--h-position-right .swiper-slide-inner{-webkit-box-pack:end;-ms-flex-pack:end;justify-content:flex-end}.elementor--h-position-center .swiper-slide-inner{-webkit-box-pack:center;-ms-flex-pack:center;justify-content:center}body.rtl .elementor-widget-slides .elementor-swiper-button-next{left:10px;right:auto}body.rtl .elementor-widget-slides .elementor-swiper-button-prev{right:10px;left:auto}.elementor-slides-wrapper div:not(.swiper-slide)>.swiper-slide-inner{display:none}@media (max-width:767px){.elementor-slides .swiper-slide-inner{padding:30px}.elementor-slides .swiper-slide-inner .elementor-slide-heading{font-size:23px;line-height:1;margin-bottom:15px}.elementor-slides .swiper-slide-inner .elementor-slide-description{font-size:13px;line-height:1.4;margin-bottom:15px}}<\/style>\t\t<div class=\"elementor-swiper\">\n\t\t\t<div class=\"elementor-slides-wrapper elementor-main-swiper swiper-container\" dir=\"ltr\" data-animation=\"fadeInUp\">\n\t\t\t\t<div class=\"swiper-wrapper elementor-slides\">\n\t\t\t\t\t\t\t\t\t\t<div class=\"elementor-repeater-item-8394f3c swiper-slide\"><div class=\"swiper-slide-bg\"><\/div><div class=\"swiper-slide-inner\" ><div class=\"swiper-slide-contents\"><\/div><\/div><\/div>\t\t\t\t<\/div>\n\t\t\t\t\t\t\t<\/div>\n\t\t<\/div>\n\t\t\t\t<\/div>\n\t\t\t\t<\/div>\n\t\t\t\t\t<\/div>\n\t\t<\/div>\n\t\t\t\t\t\t\t<\/div>\n\t\t<\/section>\n\t\t\t\t<section class=\"elementor-section elementor-top-section elementor-element elementor-element-0081976 elementor-section-boxed elementor-section-height-default elementor-section-height-default exad-glass-effect-no exad-sticky-section-no\" data-id=\"0081976\" data-element_type=\"section\">\n\t\t\t\t\t\t<div class=\"elementor-container elementor-column-gap-default\">\n\t\t\t\t\t<div class=\"elementor-column elementor-col-100 elementor-top-column elementor-element elementor-element-3439f54 exad-glass-effect-no exad-sticky-section-no\" data-id=\"3439f54\" data-element_type=\"column\">\n\t\t\t<div class=\"elementor-widget-wrap elementor-element-populated\">\n\t\t\t\t\t\t\t\t<div class=\"elementor-element elementor-element-11378ee exad-sticky-section-no exad-glass-effect-no elementor-widget elementor-widget-heading\" data-id=\"11378ee\" data-element_type=\"widget\" data-widget_type=\"heading.default\">\n\t\t\t\t<div class=\"elementor-widget-container\">\n\t\t\t<style>\/*! elementor - v3.6.7 - 03-07-2022 *\/\n.elementor-heading-title{padding:0;margin:0;line-height:1}.elementor-widget-heading .elementor-heading-title[class*=elementor-size-]>a{color:inherit;font-size:inherit;line-height:inherit}.elementor-widget-heading .elementor-heading-title.elementor-size-small{font-size:15px}.elementor-widget-heading .elementor-heading-title.elementor-size-medium{font-size:19px}.elementor-widget-heading .elementor-heading-title.elementor-size-large{font-size:29px}.elementor-widget-heading .elementor-heading-title.elementor-size-xl{font-size:39px}.elementor-widget-heading .elementor-heading-title.elementor-size-xxl{font-size:59px}<\/style><h2 class=\"elementor-heading-title elementor-size-default\">Pol\u00edtica de Privacidade<\/h2>\t\t<\/div>\n\t\t\t\t<\/div>\n\t\t\t\t<div class=\"elementor-element elementor-element-736d39e exad-sticky-section-no exad-glass-effect-no elementor-widget elementor-widget-heading\" data-id=\"736d39e\" data-element_type=\"widget\" data-widget_type=\"heading.default\">\n\t\t\t\t<div class=\"elementor-widget-container\">\n\t\t\t<h2 class=\"elementor-heading-title elementor-size-default\">1. APRESENTA\u00c7\u00c3O<\/h2>\t\t<\/div>\n\t\t\t\t<\/div>\n\t\t\t\t<div class=\"elementor-element elementor-element-32a28a0 exad-sticky-section-no exad-glass-effect-no elementor-widget elementor-widget-text-editor\" data-id=\"32a28a0\" data-element_type=\"widget\" data-widget_type=\"text-editor.default\">\n\t\t\t\t<div class=\"elementor-widget-container\">\n\t\t\t<style>\/*! elementor - v3.6.7 - 03-07-2022 *\/\n.elementor-widget-text-editor.elementor-drop-cap-view-stacked .elementor-drop-cap{background-color:#818a91;color:#fff}.elementor-widget-text-editor.elementor-drop-cap-view-framed .elementor-drop-cap{color:#818a91;border:3px solid;background-color:transparent}.elementor-widget-text-editor:not(.elementor-drop-cap-view-default) .elementor-drop-cap{margin-top:8px}.elementor-widget-text-editor:not(.elementor-drop-cap-view-default) .elementor-drop-cap-letter{width:1em;height:1em}.elementor-widget-text-editor .elementor-drop-cap{float:left;text-align:center;line-height:1;font-size:50px}.elementor-widget-text-editor .elementor-drop-cap-letter{display:inline-block}<\/style>\t\t\t\t<p>Esta Pol\u00edtica de Privacidade e Prote\u00e7\u00e3o de Dados define como coletamos e usamos seus dados pessoais. Leia-a com aten\u00e7\u00e3o para entender nossos pontos de vista e nossas pr\u00e1ticas em rela\u00e7\u00e3o aos seus dados pessoais e como vamos trat\u00e1-los.\u00a0<\/p><p>O Laborat\u00f3rio Patologika est\u00e1 comprometido a manter sua privacidade. N\u00f3s somos os controladores desses dados.<\/p>\t\t\t\t\t\t<\/div>\n\t\t\t\t<\/div>\n\t\t\t\t<div class=\"elementor-element elementor-element-e194f37 exad-sticky-section-no exad-glass-effect-no elementor-widget elementor-widget-heading\" data-id=\"e194f37\" data-element_type=\"widget\" data-widget_type=\"heading.default\">\n\t\t\t\t<div class=\"elementor-widget-container\">\n\t\t\t<h2 class=\"elementor-heading-title elementor-size-default\">2. DEFINI\u00c7\u00d5ES<\/h2>\t\t<\/div>\n\t\t\t\t<\/div>\n\t\t\t\t<div class=\"elementor-element elementor-element-89c1cf3 exad-sticky-section-no exad-glass-effect-no elementor-widget elementor-widget-text-editor\" data-id=\"89c1cf3\" data-element_type=\"widget\" data-widget_type=\"text-editor.default\">\n\t\t\t\t<div class=\"elementor-widget-container\">\n\t\t\t\t\t\t\t<p>2.1 O que \u00e9 a LGPD?\u00a0<\/p><p>LGPD \u00e9 a sigla da Lei Geral de Prote\u00e7\u00e3o de Dados (Lei n\u00ba 13.709\/2018). A LGPD estabelece regras sobre coleta, armazenamento e compartilhamento de dados pessoais, atribuindo mais prote\u00e7\u00e3o aos titulares de tais dados.\u00a0<\/p><p>2.2 O que s\u00e3o dados pessoais?\u00a0<\/p><p>Dados pessoais s\u00e3o informa\u00e7\u00f5es relacionadas \u00e0 pessoa natural identificada ou identific\u00e1vel. Exemplos de dados pessoais incluem nome, endere\u00e7o de e-mail, telefone e CPF. Dados pessoais sobre origem racial ou \u00e9tnica, convic\u00e7\u00e3o religiosa, opini\u00e3o pol\u00edtica, filia\u00e7\u00e3o a sindicato ou a organiza\u00e7\u00e3o de car\u00e1ter religioso, filos\u00f3fico ou pol\u00edtico, dado referente \u00e0 sa\u00fade ou \u00e0 vida sexual, dado gen\u00e9tico ou biom\u00e9trico, quando vinculado a uma pessoa natural s\u00e3o considerados dados pessoais sens\u00edveis e precisam ser tratados com cautela especial pelas empresas.\u00a0<\/p><p>2.3 O que s\u00e3o cookies?\u00a0<\/p><p>Cookies s\u00e3o pequenos arquivos de texto que cont\u00eam informa\u00e7\u00f5es que s\u00e3o baixadas no computador ou dispositivo m\u00f3vel dos usu\u00e1rios sempre que eles consultam um site ou aplicativo m\u00f3vel. S\u00e3o usados para reconhecer o computador dos usu\u00e1rios sempre que acessarem um site ou aplicativo que j\u00e1 tenha sido usado. Os cookies geralmente s\u00e3o usados para que os sites funcionem ou melhorem sua opera\u00e7\u00e3o, al\u00e9m de fornecerem informa\u00e7\u00f5es aos propriet\u00e1rios dos sites.\u00a0<\/p><p>Os usu\u00e1rios podem optar por aceitar cookies ou n\u00e3o; no entanto, recus\u00e1-los n\u00e3o permite que os usu\u00e1rios desfrutem de todos os recursos do site.\u00a0<\/p><p>Os usu\u00e1rios podem definir suas prefer\u00eancias de cookies modificando as configura\u00e7\u00f5es do seu navegador para que os cookies do site n\u00e3o possam ser colocados no seu computador ou dispositivo m\u00f3vel. Para isso, devem seguir as instru\u00e7\u00f5es do navegador (geralmente dispon\u00edveis nos menus \u201cAjuda\u201d, \u201cFerramentas\u201d ou \u201cEditar\u201d).\u00a0<\/p><p>2.4 Link Ao selecionar um link em nossa p\u00e1gina na internet voc\u00ea poder\u00e1 ser redirecionado para outro site (instagram, facebook e whatsapp). N\u00e3o somos respons\u00e1veis pela pr\u00e1tica de privacidade de outros sites ou aplicativos e orientamos que voc\u00ea leia atentamente a pol\u00edtica de privacidade desses provedores.<\/p>\t\t\t\t\t\t<\/div>\n\t\t\t\t<\/div>\n\t\t\t\t<div class=\"elementor-element elementor-element-0d40477 exad-sticky-section-no exad-glass-effect-no elementor-widget elementor-widget-heading\" data-id=\"0d40477\" data-element_type=\"widget\" data-widget_type=\"heading.default\">\n\t\t\t\t<div class=\"elementor-widget-container\">\n\t\t\t<h2 class=\"elementor-heading-title elementor-size-default\">3. POL\u00cdTICA DE PRIVACIDADE<\/h2>\t\t<\/div>\n\t\t\t\t<\/div>\n\t\t\t\t<div class=\"elementor-element elementor-element-6da3b99 exad-sticky-section-no exad-glass-effect-no elementor-widget elementor-widget-text-editor\" data-id=\"6da3b99\" data-element_type=\"widget\" data-widget_type=\"text-editor.default\">\n\t\t\t\t<div class=\"elementor-widget-container\">\n\t\t\t\t\t\t\t<hr>\n<p><b>3.1 Como coletamos seus dados?&nbsp;<\/b><\/p>\n<p>Os dados pessoais do usu\u00e1rio e visitante s\u00e3o recolhidos pela plataforma da seguinte maneira:&nbsp;<\/p>\n<p><span style=\"color: var( --e-global-color-text ); font-size: 1rem;\">&nbsp;&#8211; Cadastro de informa\u00e7\u00f5es e curr\u00edculo para vaga de emprego na aba \u201cTrabalhe conosco\u201d;&nbsp;<\/span><\/p>\n<p>&nbsp;&#8211; Cadastro de informa\u00e7\u00f5es para contato na aba \u201cEntre em contato\u201d;&nbsp;<\/p>\n<p>&nbsp;&#8211; Cadastro de informa\u00e7\u00f5es na aba de \u201cPesquisa&nbsp;de satisfa\u00e7\u00e3o\u201d (se desej\u00e1vel).&nbsp;<\/p>\n<p><b>3.2 Quais informa\u00e7\u00f5es temos sobre voc\u00ea?<\/b>&nbsp;<\/p>\n<p>Quando nos referimos a \u201cdados pessoais\u201d, queremos dizer qualquer informa\u00e7\u00e3o sobre voc\u00ea que possa torn\u00e1-lo pessoalmente identific\u00e1vel. Podemos manter qualquer uma das seguintes informa\u00e7\u00f5es pessoais:&nbsp;<\/p>\n<p>&nbsp;&#8211; Seu nome;&nbsp;<\/p>\n<p>&nbsp;&#8211; Profiss\u00e3o;&nbsp;<\/p>\n<p>&nbsp;&#8211; Endere\u00e7o de&nbsp;<span style=\"color: var( --e-global-color-text ); font-size: 1rem;\">e-mail;&nbsp;<\/span><\/p>\n<p><span style=\"color: var( --e-global-color-text ); font-size: 1rem;\">&nbsp;&#8211; N\u00fameros de telefone.&nbsp;<\/span><\/p>\n<p><b>3.3 Como usamos os seus dados?&nbsp;<\/b><\/p>\n<p>Utilizamos seus dados para:&nbsp;<\/p>\n<p>Sele\u00e7\u00e3o e recrutamento de novos colaboradores;&nbsp;<\/p>\n<p>Acompanhamento de d\u00favidas, sugest\u00f5es e reclama\u00e7\u00f5es;&nbsp;<\/p>\n<p>Acompanhamento da satisfa\u00e7\u00e3o de nossos pacientes, cl\u00ednicas, hospitais e m\u00e9dicos;&nbsp;<\/p>\n<p>Personalizar a sua experi\u00eancia;&nbsp;<\/p>\n<p>Aprimorar, analisar os servi\u00e7os e desenvolver novos produtos;&nbsp;<\/p>\n<p>Garantir que o conte\u00fado do nosso site seja apresentado da maneira mais eficiente para voc\u00ea em seu computador e\/ou smartphone, tablet e\/ou outros;&nbsp;<\/p>\n<p>Permitir que voc\u00ea participe de quaisquer recursos interativos do nosso site quando quiser;&nbsp;<\/p>\n<p>Manter nosso site seguro e protegido;&nbsp;<\/p>\n<p><b>3.4 Com quem compartilhamos seus dados pessoais?&nbsp;<\/b><\/p>\n<p>Os seus dados n\u00e3o ser\u00e3o divulgados para terceiros, pois ser\u00e3o de uso interno exclusivo do laborat\u00f3rio, para as finalidades listadas no item 3.3.&nbsp;<\/p>\n<p><b>3.5 Como protegemos suas informa\u00e7\u00f5es?&nbsp;<\/b><\/p>\n<p>Estamos empenhados em adotar todas as medidas razo\u00e1veis para proteger seus dados pessoais. Al\u00e9m de trat\u00e1-los com os crit\u00e9rios desta pol\u00edtica, a coleta de seus dados ocorre de forma sigilosa, ou seja, sua manipula\u00e7\u00e3o \u00e9 realizada por um grupo seleto de colaboradores respons\u00e1vel pela tratativa das informa\u00e7\u00f5es conforme sua finalidade.&nbsp;<\/p>\n<p>Nossas medidas para preservar seus dados contra acesso, uso, altera\u00e7\u00e3o, divulga\u00e7\u00e3o ou destrui\u00e7\u00e3o n\u00e3o autorizados incluem a prote\u00e7\u00e3o f\u00edsica, gest\u00e3o sobre os acessos, ades\u00e3o ao desenvolvimento seguro de software e pol\u00edticas internas de conformidade que inserem a seguran\u00e7a no ciclo de vida dos nossos servi\u00e7os.&nbsp;<\/p>\n<p>Todos esses controles s\u00e3o continuamente revisados para acompanhar e reagir ao contexto de amea\u00e7as na internet. Ainda assim, n\u00e3o \u00e9 poss\u00edvel garantir que os nossos servi\u00e7os sejam completamente inviol\u00e1veis. Mas fique tranquilo: contamos com equipe preparada para detectar e responder prontamente, no caso da ocorr\u00eancia de algum evento ou incidente que comprometa a seguran\u00e7a dos seus dados ou de nossos servi\u00e7os.<\/p>\n<p><b>3.6 Por quanto tempo mantemos seus dados pessoais?&nbsp;<\/b><\/p>\n<p>Armazenamos seus dados pessoais pelo prazo m\u00e1ximo de um ano, quando se tratar de processos de recrutamento e sele\u00e7\u00e3o de pessoal. Em caso de pesquisa de satisfa\u00e7\u00e3o ou preenchimento da aba \u201cEntre em contato\u201d, os dados fornecidos ser\u00e3o arquivados por um prazo m\u00e1ximo de tr\u00eas anos para finalidades estat\u00edsticas.<\/p>\n<p><b>3.7 Seus direitos de dados&nbsp;<\/b><\/p>\n<p>De acordo com a Lei Geral de Prote\u00e7\u00e3o de Dados Pessoais (Lei n\u00ba 13.709\/2018), voc\u00ea tem o direito de:&nbsp;<\/p>\n<p>&nbsp;&#8211; Ser informado sobre como e porque usamos seus dados (essas informa\u00e7\u00f5es s\u00e3o fornecidas nesta pol\u00edtica);&nbsp;<\/p>\n<p>&nbsp;&#8211; Acessar uma c\u00f3pia de todas as informa\u00e7\u00f5es que mantemos sobre voc\u00ea;&nbsp;<\/p>\n<p>&nbsp;&#8211; Solicitar retifica\u00e7\u00e3o, quando achar que temos informa\u00e7\u00f5es incorretas ou incompletas a seu respeito;&nbsp;<\/p>\n<p>&nbsp;&#8211; Solicitar a exclus\u00e3o dos seus dados quando n\u00e3o houver mais justificativa para process\u00e1-los (nem mesmo interesse leg\u00edtimo para tal);&nbsp;<\/p>\n<p>&nbsp;&#8211; Opor-se \u00e0 maneira como estamos processando seus dados.&nbsp;<\/p>\n<p>Quando realizada uma dessas solicita\u00e7\u00f5es, de acordo com a LGPD, devemos confirmar sua identidade antes de fornecer qualquer informa\u00e7\u00e3o. Posteriormente, entraremos em contato para confirmar que analisamos a sua solicita\u00e7\u00e3o informando sobre o aceite ou recusa da mesma, com a justificativa necess\u00e1ria.&nbsp;<\/p>\n<p>Se voc\u00ea tiver alguma d\u00favida sobre nossa Pol\u00edtica de Privacidade ou sobre seus dados, envie um e-mail para contato@patologika.com.br. Voc\u00ea tamb\u00e9m tem o direito de se manifestar junto \u00e0 Autoridade Nacional de Prote\u00e7\u00e3o de Dados sobre como lidamos com seus dados.&nbsp;<\/p>\n<p>Esta Pol\u00edtica de Privacidade foi atualizada pela \u00faltima vez em 22 de Julho de 2025.<\/p>\t\t\t\t\t\t<\/div>\n\t\t\t\t<\/div>\n\t\t\t\t\t<\/div>\n\t\t<\/div>\n\t\t\t\t\t\t\t<\/div>\n\t\t<\/section>\n\t\t\t\t\t\t\t<\/div>\n\t\t","protected":false},"excerpt":{"rendered":"<p>Pol\u00edtica de Privacidade 1. APRESENTA\u00c7\u00c3O Esta Pol\u00edtica de Privacidade e Prote\u00e7\u00e3o de Dados define como coletamos e usamos seus dados pessoais. Leia-a com aten\u00e7\u00e3o para entender nossos pontos de vista e nossas pr\u00e1ticas em rela\u00e7\u00e3o aos seus dados pessoais e como vamos trat\u00e1-los.\u00a0 O Laborat\u00f3rio Patologika est\u00e1 comprometido a manter sua privacidade. N\u00f3s somos os [&hellip;]<\/p>\n","protected":false},"author":1,"featured_media":0,"parent":0,"menu_order":0,"comment_status":"closed","ping_status":"closed","template":"elementor_header_footer","meta":[],"_links":{"self":[{"href":"https:\/\/patologika.com\/novosite\/wp-json\/wp\/v2\/pages\/1415"}],"collection":[{"href":"https:\/\/patologika.com\/novosite\/wp-json\/wp\/v2\/pages"}],"about":[{"href":"https:\/\/patologika.com\/novosite\/wp-json\/wp\/v2\/types\/page"}],"author":[{"embeddable":true,"href":"https:\/\/patologika.com\/novosite\/wp-json\/wp\/v2\/users\/1"}],"replies":[{"embeddable":true,"href":"https:\/\/patologika.com\/novosite\/wp-json\/wp\/v2\/comments?post=1415"}],"version-history":[{"count":52,"href":"https:\/\/patologika.com\/novosite\/wp-json\/wp\/v2\/pages\/1415\/revisions"}],"predecessor-version":[{"id":3737,"href":"https:\/\/patologika.com\/novosite\/wp-json\/wp\/v2\/pages\/1415\/revisions\/3737"}],"wp:attachment":[{"href":"https:\/\/patologika.com\/novosite\/wp-json\/wp\/v2\/media?parent=1415"}],"curies":[{"name":"wp","href":"https:\/\/api.w.org\/{rel}","templated":true}]}}